{"id":1278,"date":"2020-09-18T21:23:52","date_gmt":"2020-09-19T00:23:52","guid":{"rendered":"https:\/\/ensbelgrano-sgo.infd.edu.ar\/sitio\/?page_id=1278"},"modified":"2020-10-01T09:26:45","modified_gmt":"2020-10-01T12:26:45","slug":"informacion-general-nivel-superior","status":"publish","type":"page","link":"https:\/\/ensbelgrano-sgo.infd.edu.ar\/sitio\/informacion-general-nivel-superior\/","title":{"rendered":"Informaci\u00f3n General NIVEL SUPERIOR"},"content":{"rendered":"<h3 style=\"text-align: center;\"><span style=\"color: #800000;\"><strong>INFORMACI\u00d3N GENERAL<\/strong><\/span><\/h3>\n<h4><strong><span style=\"color: #800000;\">20\/09\/2020<\/span>\u00a0<\/strong><\/h4>\n<h5 style=\"text-align: center;\"><span style=\"color: #333399;\">PRE-INSCRIPCI\u00d3N DE ASPIRANTES PARA CURSAR CARRERAS DE NIVEL SUPERIOR EN 2021<\/span><\/h5>\n<p><strong>A fines de NOVIEMBRE de 2020, se publicar\u00e1 en esta secci\u00f3n el Cronograma de pre-inscripci\u00f3n\u00a0 de estudiantes para el curso proped\u00e9utico de las diferentes carreras que ofrece el Nivel Superior de la Instituci\u00f3n:<\/strong><\/p>\n<p><strong><span style=\"color: #0000ff;\">Profesorados<\/span> &gt;&gt;&gt; Educaci\u00f3n Inicial\u00a0 &#8211;\u00a0 Educaci\u00f3n Primaria\u00a0 &#8211;\u00a0 Educaci\u00f3n Tecnol\u00f3gica<\/strong><\/p>\n<p><strong><span style=\"color: #0000ff;\">Tecnicaturas<\/span> &gt;&gt;&gt; Enfermer\u00eda<\/strong><\/p>\n<h4><\/h4>\n<h4><span style=\"color: #800000;\"><strong>24\/04\/2020<\/strong><\/span><\/h4>\n<h5 style=\"text-align: center;\"><span style=\"color: #333399;\"><strong>COMUNICACI\u00d3N DE ESTUDIANTES CON LA INSTITUCI\u00d3N<\/strong><\/span><\/h5>\n<p><strong>Bedel\u00edas: <\/strong>todo estudiante inscripto para cursar espacios curriculares en el per\u00edodo lectivo 2020, debe mantener contacto con el Bedel asignado para la atenci\u00f3n de cada curso y divisi\u00f3n. A trav\u00e9s de los Grupos de Whatsapp de Bedel\u00eda se mantendr\u00e1 actualizada la informaci\u00f3n de inter\u00e9s de manera din\u00e1mica.<\/p>\n<p><strong>Docentes:<\/strong> los estudiantes mantienen comunicaci\u00f3n con los docentes, a trav\u00e9s de las aulas virtuales habilitadas, los grupos de Whatsapp y\/o correo electr\u00f3nico asociado a cada unidad curricular.<\/p>\n<p><strong>Equipo Directivo:<\/strong> a trav\u00e9s del e-mail\u00a0 \u00a0 \u00a0<span style=\"color: #0000ff;\">normalsantiago@educ.ar\u00a0 \u00a0<\/span><\/p>\n<p><span style=\"color: #000080;\"><strong>Nota:<\/strong><\/span> si se inscribi\u00f3 fuera de t\u00e9rmino y no tiene el contacto de su Bedel, puede solicitarlo al mail del Equipo Directivo.<\/p>\n<h4><\/h4>\n<h4><span style=\"color: #800000;\"><strong>11\/04\/2020<\/strong><\/span><\/h4>\n<h5 style=\"text-align: center;\"><span style=\"color: #333399;\"><strong>FORMULARIOS PARA CONFIRMAR LA INSCRIPCI\u00d3N PROVISORIA 2020<\/strong><\/span><\/h5>\n<p><span style=\"color: #ff0000;\">Los formularios de inscripci\u00f3n fueron deshabilitados el 11\/04\/2020 a las 20.30hs, para iniciar el procesamiento de inscripciones, en caso de dudas el personal administrativo se comunicar\u00e1 a trav\u00e9s de correo electr\u00f3nico.<\/span><\/p>\n<p><span style=\"color: #333399;\"> Si Ud. no pudo completar el Formulario, env\u00ede un e-mail a<strong> normalsantiago@educ.ar <\/strong>con el<strong> \u00abAsunto\u00bb &#8211;&gt;&gt; \u00abSOLICITO FORMULARIO DE INSCRIPCI\u00d3N\u00bb. <\/strong>Debe consignar apellido y nombre, DNI, Cohorte y Carrera.<\/span><\/p>\n<p><span style=\"color: #333399;\">Si Ud. omiti\u00f3 u olvid\u00f3 inscribirse en un espacio curricular, env\u00ede un e-mail a<strong> normalsantiago@educ.ar <\/strong>con el<strong> \u00abAsunto\u00bb &#8211;&gt;&gt; \u00abAMPLIAR INSCRIPCI\u00d3N\u00bb. <\/strong>Debe consignar apellido y nombre, DNI, Cohorte, Carrera y nombre del espacio omitido.<\/span><\/p>\n<ul>\n<li><strong>PROFESORADO DE EDUCACI\u00d3N TECNOL\u00d3GICA &gt;&gt;&gt;\u00a0\u00a0<span style=\"color: #993366;\">327\u00a0 Formularios recibidos al 11\/4\/20<\/span><\/strong><\/li>\n<\/ul>\n<p><span style=\"color: #008000;\"><strong>Mensaje para estudiantes del Prof. de Educaci\u00f3n Inicial que cursaron en 3\u00b0 3\u00b0 en 2019 <\/strong>y se inscriben en 2020 para cursar 4to. a\u00f1o. Deben consignar Divisi\u00f3n (3\u00b0) en el formulario de inscripci\u00f3n. Bedel\u00eda los contactar\u00e1 dentro de las 48 hs aprox. para informar en qu\u00e9 divisi\u00f3n de 4to. a\u00f1o continuar\u00e1n el cursado.<\/span><\/p>\n<ul>\n<li><strong>PROFESORADO DE EDUCACI\u00d3N INICIAL &gt;&gt;&gt;\u00a0\u00a0<span style=\"color: #993366;\">767\u00a0 Formularios recibidos al 11\/4\/20<\/span><\/strong><\/li>\n<\/ul>\n<ul>\n<li><strong>PROFESORADO DE EDUCACI\u00d3N PRIMARIA &gt;&gt;&gt;\u00a0\u00a0<span style=\"color: #993366;\">137\u00a0 Formularios recibidos al 11\/4\/20<\/span><\/strong><\/li>\n<\/ul>\n<ul>\n<li><strong>TECNICATURA SUPERIOR EN ENFERMER\u00cdA &gt;&gt;&gt;\u00a0\u00a0<span style=\"color: #993366;\">151\u00a0 Formularios recibidos al 11\/4\/20<\/span><\/strong><\/li>\n<\/ul>\n<p style=\"text-align: center;\"><span style=\"color: #ff0000;\">***********************************<\/span><\/p>\n<p><strong><span style=\"color: #ff0000;\">\u00a1IMPORTANTE! &gt;&gt;&gt; SOBRE AULAS VIRTUALES:<\/span><\/strong><\/p>\n<p>Durante el per\u00edodo 6\/4\/20 al 14\/4\/20, se ir\u00e1n cargando d\u00eda a d\u00eda los datos de acceso a las aulas virtuales de las diferentes asignaturas y carreras. Por ello, es necesario que registre los espacios curriculares en los que se inscribe y resguarde el <strong>Link<\/strong> que se le dar\u00e1 a conocer una vez enviado el formulario de inscripci\u00f3n, para que pueda obtener los c\u00f3digos de acceso a las diferentes aulas.<\/p>\n<p>El Instituto utilizar\u00e1 dos tipos de aulas virtuales.<\/p>\n<p>a) Aulas virtuales que se encuentran en esta misma <strong>plataforma (INFD)<\/strong> y cuyo usuario y c\u00f3digo de acceso ser\u00e1 generado y comunicado por el docente, seg\u00fan corresponda.<\/p>\n<p>b) Aulas virtuales en <strong>Google Classroom<\/strong>. Hasta tanto finalice la actualizaci\u00f3n de clases disponibles, se sugiere acceder al tutorial<\/p>\n<p><strong><span class=\"yiv8424325721gmail-watch-title\"><span lang=\"ES\">C\u00f3mo realizar y subir actividades (tareas) a Google Classroom. Modo \u201cestudiante\u201d Link:\u00a0<\/span><\/span><\/strong><span lang=\"ES\"><a href=\"https:\/\/www.youtube.com\/watch?v=TWcvP0wUxy4\" target=\"_blank\" rel=\"nofollow noopener\">https:\/\/www.youtube.com\/watch?v=TWcvP0wUxy4<\/a><\/span><\/p>\n<p>&nbsp;<\/p>\n<h4><strong><span style=\"color: #800000;\">25\/03\/2020<\/span>\u00a0<\/strong><\/h4>\n<p><strong>Visto la suspensi\u00f3n de actividades escolares presenciales dispuesta por el Gobierno de la Provincia de Santiago del Estero, desde el 16\/03\/2020, por razones sanitarias de p\u00fablico conocimiento y, ante la necesidad de respetar las pautas sugeridas por el Ministerio de Salud para extremar los cuidados de propagaci\u00f3n del virus COVID-19, se informar\u00e1n las novedades administrativas y pedag\u00f3gicas a trav\u00e9s de la p\u00e1gina web del Instituto Superior:\u00a0<\/strong><strong><a href=\"https:\/\/ensbelgrano-sgo.infd.edu.ar\/\">https:\/\/ensbelgrano-sgo.infd.edu.ar<\/a><\/strong><\/p>\n<p><strong>\u00a0<\/strong><strong>En este per\u00edodo:<\/strong><\/p>\n<ul>\n<li><strong>Las MESAS DE EX\u00c1MENES se encuentran suspendidas y ser\u00e1n reprogramadas una vez que las autoridades superiores as\u00ed lo decidan.<\/strong><\/li>\n<li><strong>Los aspirantes a las BECAS PROGRESAR deben inscribirse hasta el <\/strong><strong>17\/04\/2020 <\/strong><strong>y la escuela certificar\u00e1 su situaci\u00f3n acad\u00e9mica cuando el ANSES lo solicite.<\/strong><\/li>\n<li><strong>Los estudiantes de la Cohorte 2020 que se encontraban realizando el Curso Proped\u00e9utico deben completar las actividades contenidas en la cartilla dise\u00f1ada para cada carrera y presentar\u00e1n las mismas siguiendo los mecanismos que la instituci\u00f3n establezca, los que ser\u00e1n comunicados oportunamente.<\/strong><\/li>\n<li><strong>Los estudiantes que ingresan a 1er. A\u00f1o en 2020, NO DEBEN completar en estos momentos la ficha m\u00e9dica solicitada. Los plazos de presentaci\u00f3n se redefinir\u00e1n oportunamente.<\/strong><\/li>\n<li><strong>Las situaciones especiales de estudiantes que solicitan \u201cingreso con pase o pedidos de pases\u201d, \u201cmesas de ex\u00e1menes para finalizaci\u00f3n de carreras\u201d, \u201cmesas de ex\u00e1menes para finalizar equivalencias parciales otorgadas en 2019\u201d, \u201cpedido de equivalencias\u201d, etc. Todos estos tr\u00e1mites que involucran el desplazamiento de personas y presentaci\u00f3n de documentaci\u00f3n se continuar\u00e1n una vez finalizada la suspensi\u00f3n de actividades presenciales.<\/strong><\/li>\n<\/ul>\n<p><span style=\"color: #333399;\"><strong>INSCRIPCIONES PROVISORIAS 2020<\/strong><\/span><\/p>\n<p><strong>\u00a0<\/strong><strong>Algunas preguntas y respuestas<\/strong><\/p>\n<p><strong>1.- \u00bfDebo inscribirme en 2020 si s\u00f3lo deseo rendir ex\u00e1menes finales?.\u00a0 \u00a0 SI.\u00a0<\/strong>Todo estudiante que desee cursar unidades curriculares y\/o rendir ex\u00e1menes finales en el per\u00edodo 01\/04\/2020 al 31\/03\/2021, debe completar el FORMULARIO DE INSCRIPCI\u00d3N PROVISORIA.<\/p>\n<p><strong>2.- \u00bfPuedo inscribirme para cursar un espacio curricular si no pude rendir el\/los espacios correlativos previos en el turno de ex\u00e1menes suspendido de marzo?.\u00a0 \u00a0SI.\u00a0<\/strong>Los estudiantes deben inscribirse para cursar los espacios curriculares que deseen y una vez que se reanuden las actividades presenciales, el \u00e1rea de Bedel\u00eda realizar\u00e1 los controles pertinentes para que el Consejo Consultivo de la instituci\u00f3n pueda definir las situaciones de <strong>\u201ccondicionalidad<\/strong>\u201d, teniendo en cuenta que se trata de un a\u00f1o escolar at\u00edpico.<\/p>\n<p><strong>3.- \u00bfPor qu\u00e9 es PROVISORIA la inscripci\u00f3n?.\u00a0 \u00a0<\/strong>La inscripci\u00f3n es provisoria porque la Instituci\u00f3n necesita recibir documentaci\u00f3n por parte de los estudiantes que ingresan a 1er. a\u00f1o y para todos los cursos un requisito formal es la firma de pu\u00f1o y letra del estudiante, en el registro de matr\u00edcula habilitado para este a\u00f1o escolar. A su vez, este registro permite la carga de datos en el Sistema de Seguro Escolar de la Provincia y respalda la certificaci\u00f3n de estudiantes en el Sistema de Becas PROGRESAR\/PRONAFE.<\/p>\n<p style=\"text-align: center;\">UNA VEZ QUE SE REANUDEN LAS ACTIVIDADES PRESENCIALES EN LAS ESCUELAS, TODOS LOS ESTUDIANTES INSCRIPTOS EN FORMA PROVISORIA, DEBER\u00c1N CONFIRMAR LA MISMA EN EL \u00c1REA DE BEDEL\u00cdA.<\/p>\n<p style=\"text-align: left;\"><strong>4.- Para estudiantes que ingresaron al IFD antes de 2015. \u00bfSi mi plan de estudios se encuentra cerrado y a\u00fan adeudo unidades curriculares de 1ro. y\/o 2do. a\u00f1o, c\u00f3mo solicito el cambio de plan de estudios?.\u00a0 \u00a0<\/strong>En el Formulario de Inscripci\u00f3n 2020 encontrar\u00e1n un apartado de \u201cSOLICITUDES ESPECIALES\u201d, donde pueden manifestar su decisi\u00f3n o no sobre el cambio de Plan de estudios.<\/p>\n<p style=\"text-align: left;\"><strong>5.- \u00bfDe qu\u00e9 modo presento el Formulario institucional de Becas Progresar para asegurar mi certificaci\u00f3n por parte del Instituto?.\u00a0 \u00a0<\/strong>El Formulario de Inscripci\u00f3n 2020, incluye diversos apartados para consignar su situaci\u00f3n acad\u00e9mica. All\u00ed deben consignar algunos datos: a\u00f1o de ingreso a la carrera, Nro. de espacios aprobados desde el 1\/4\/2019 al 31\/3\/2020, Nro. de espacios curriculares aprobados correspondientes a cada a\u00f1o de estudios (1ro., 2do., 3ro., 4to. a\u00f1o).<\/p>\n<p><span style=\"color: #333399;\"><strong>Desde el 06\/04\/2020 y hasta el 08\/04\/2020, TODOS los estudiantes (1\u00b0 a 4\u00b0 A\u00d1O) de todas las carreras, deber\u00e1n completar y enviar el FORMULARIO DE INSCRIPCI\u00d3N PROVISORIA AMPLIADO, para recibir la informaci\u00f3n de acceso a las aulas virtuales disponibles en este momento.<\/strong><\/span><\/p>\n<p><span style=\"color: #333399;\"><strong>Nota: <\/strong><\/span>lea atentamente cada \u00edtem para completar la informaci\u00f3n solicitada, escriba con letra may\u00fascula y revise la informaci\u00f3n antes de ENVIAR.\u00a0\u00a0<strong>S\u00f3lo debe completar y enviar el formulario 1(uno) vez. <\/strong><\/p>\n<p><span style=\"color: #333399;\"><strong>Informaci\u00f3n para alumnos que ingresan a 1er. A\u00f1o \u2013 Cohorte 2020:<\/strong><\/span><\/p>\n<p><strong>Tecnicatura Superior en Enfermer\u00eda:<\/strong> su Curso y Divisi\u00f3n es 1\u00b0 1\u00b0<\/p>\n<p><strong>Profesorado de Educaci\u00f3n Primaria:<\/strong> su Curso y Divisi\u00f3n es 1\u00b0 1\u00b0<\/p>\n<p><strong>Profesorado de Educaci\u00f3n Inicial: <\/strong>salvo solicitudes autorizadas de cambio de divisi\u00f3n, su curso y divisi\u00f3n le fue informado durante el Curso Proped\u00e9utico.<\/p>\n<p><strong>Profesorado de Educaci\u00f3n Tecnol\u00f3gica: s<\/strong>alvo solicitudes autorizadas de cambio de divisi\u00f3n, su curso y divisi\u00f3n le fue informado durante el Curso Proped\u00e9utico.<\/p>\n<p style=\"text-align: center;\">************<\/p>\n","protected":false},"excerpt":{"rendered":"<p>INFORMACI\u00d3N GENERAL 20\/09\/2020\u00a0 PRE-INSCRIPCI\u00d3N DE ASPIRANTES PARA CURSAR CARRERAS DE NIVEL SUPERIOR EN 2021 A fines de NOVIEMBRE de 2020, se publicar\u00e1 en esta secci\u00f3n el Cronograma de pre-inscripci\u00f3n\u00a0 de estudiantes para el curso proped\u00e9utico de las diferentes carreras que ofrece el Nivel Superior de la Instituci\u00f3n: Profesorados &gt;&gt;&gt; Educaci\u00f3n Inicial\u00a0 &#8211;\u00a0 Educaci\u00f3n Primaria\u00a0 &#8211;\u00a0 &#8230; <a title=\"Informaci\u00f3n General NIVEL SUPERIOR\" class=\"read-more\" href=\"https:\/\/ensbelgrano-sgo.infd.edu.ar\/sitio\/informacion-general-nivel-superior\/\" aria-label=\"More on Informaci\u00f3n General NIVEL SUPERIOR\">[+]<\/a><\/p>\n","protected":false},"author":266,"featured_media":0,"parent":0,"menu_order":0,"comment_status":"closed","ping_status":"closed","template":"","meta":[],"acf":[],"_links":{"self":[{"href":"https:\/\/ensbelgrano-sgo.infd.edu.ar\/sitio\/wp-json\/wp\/v2\/pages\/1278"}],"collection":[{"href":"https:\/\/ensbelgrano-sgo.infd.edu.ar\/sitio\/wp-json\/wp\/v2\/pages"}],"about":[{"href":"https:\/\/ensbelgrano-sgo.infd.edu.ar\/sitio\/wp-json\/wp\/v2\/types\/page"}],"author":[{"embeddable":true,"href":"https:\/\/ensbelgrano-sgo.infd.edu.ar\/sitio\/wp-json\/wp\/v2\/users\/266"}],"replies":[{"embeddable":true,"href":"https:\/\/ensbelgrano-sgo.infd.edu.ar\/sitio\/wp-json\/wp\/v2\/comments?post=1278"}],"version-history":[{"count":7,"href":"https:\/\/ensbelgrano-sgo.infd.edu.ar\/sitio\/wp-json\/wp\/v2\/pages\/1278\/revisions"}],"predecessor-version":[{"id":1310,"href":"https:\/\/ensbelgrano-sgo.infd.edu.ar\/sitio\/wp-json\/wp\/v2\/pages\/1278\/revisions\/1310"}],"wp:attachment":[{"href":"https:\/\/ensbelgrano-sgo.infd.edu.ar\/sitio\/wp-json\/wp\/v2\/media?parent=1278"}],"curies":[{"name":"wp","href":"https:\/\/api.w.org\/{rel}","templated":true}]}}